{"id":1132,"date":"2021-11-17T17:15:29","date_gmt":"2021-11-17T17:15:29","guid":{"rendered":"https:\/\/carreiras.dns.pt\/?page_id=1132"},"modified":"2025-11-13T15:01:45","modified_gmt":"2025-11-13T15:01:45","slug":"candidata-te","status":"publish","type":"page","link":"https:\/\/carreiras.pt.pt\/en\/candidata-te\/","title":{"rendered":"Candidata-te"},"content":{"rendered":"<div data-elementor-type=\"wp-post\" data-elementor-id=\"1132\" class=\"elementor elementor-1132\" data-elementor-post-type=\"page\">\n\t\t\t\t\t\t<section class=\"elementor-section elementor-top-section elementor-element elementor-element-5c5fffa elementor-section-full_width elementor-section-height-min-height elementor-section-height-default elementor-section-items-middle\" data-id=\"5c5fffa\" data-element_type=\"section\" data-e-type=\"section\" data-settings=\"{&quot;background_background&quot;:&quot;classic&quot;}\">\n\t\t\t\t\t\t<div class=\"elementor-container elementor-column-gap-no\">\n\t\t\t\t\t<div class=\"elementor-column elementor-col-100 elementor-top-column elementor-element elementor-element-f3e4f51\" data-id=\"f3e4f51\" data-element_type=\"column\" data-e-type=\"column\">\n\t\t\t<div class=\"elementor-widget-wrap\">\n\t\t\t\t\t\t\t<\/div>\n\t\t<\/div>\n\t\t\t\t\t<\/div>\n\t\t<\/section>\n\t\t\t\t<section class=\"elementor-section elementor-top-section elementor-element elementor-element-5990cce elementor-section-height-min-height elementor-section-items-top elementor-hidden-desktop elementor-hidden-tablet elementor-hidden-mobile elementor-section-boxed elementor-section-height-default\" data-id=\"5990cce\" data-element_type=\"section\" data-e-type=\"section\" data-settings=\"{&quot;background_background&quot;:&quot;classic&quot;,&quot;animation&quot;:&quot;none&quot;}\">\n\t\t\t\t\t\t<div class=\"elementor-container elementor-column-gap-custom\">\n\t\t\t\t\t<div class=\"elementor-column elementor-col-100 elementor-top-column elementor-element elementor-element-276253e\" data-id=\"276253e\" data-element_type=\"column\" data-e-type=\"column\">\n\t\t\t<div class=\"elementor-widget-wrap elementor-element-populated\">\n\t\t\t\t\t\t<div class=\"elementor-element elementor-element-5511b85 elementor-widget elementor-widget-heading\" data-id=\"5511b85\" data-element_type=\"widget\" data-e-type=\"widget\" data-widget_type=\"heading.default\">\n\t\t\t\t<div class=\"elementor-widget-container\">\n\t\t\t\t\t<h2 class=\"elementor-heading-title elementor-size-default\">Apply now!<\/h2>\t\t\t\t<\/div>\n\t\t\t\t<\/div>\n\t\t\t\t<section class=\"elementor-section elementor-inner-section elementor-element elementor-element-bbca926 elementor-section-boxed elementor-section-height-default elementor-section-height-default\" data-id=\"bbca926\" data-element_type=\"section\" data-e-type=\"section\">\n\t\t\t\t\t\t<div class=\"elementor-container elementor-column-gap-custom\">\n\t\t\t\t\t<div class=\"elementor-column elementor-col-100 elementor-inner-column elementor-element elementor-element-3626388\" data-id=\"3626388\" data-element_type=\"column\" data-e-type=\"column\">\n\t\t\t<div class=\"elementor-widget-wrap elementor-element-populated\">\n\t\t\t\t\t\t<div class=\"elementor-element elementor-element-036d2ae elementor-widget elementor-widget-image\" data-id=\"036d2ae\" data-element_type=\"widget\" data-e-type=\"widget\" data-widget_type=\"image.default\">\n\t\t\t\t<div class=\"elementor-widget-container\">\n\t\t\t\t\t\t\t\t\t\t\t\t\t\t\t<img fetchpriority=\"high\" decoding=\"async\" width=\"400\" height=\"400\" src=\"https:\/\/carreiras.pt.pt\/wp-content\/uploads\/2022\/05\/legal_advisor.png\" class=\"attachment-full size-full wp-image-1812\" alt=\"\" \/>\t\t\t\t\t\t\t\t\t\t\t\t\t\t\t<\/div>\n\t\t\t\t<\/div>\n\t\t\t\t<div class=\"elementor-element elementor-element-92b3054 elementor-widget elementor-widget-heading\" data-id=\"92b3054\" data-element_type=\"widget\" data-e-type=\"widget\" data-widget_type=\"heading.default\">\n\t\t\t\t<div class=\"elementor-widget-container\">\n\t\t\t\t\t<h2 class=\"elementor-heading-title elementor-size-default\">Legal Advisor<\/h2>\t\t\t\t<\/div>\n\t\t\t\t<\/div>\n\t\t\t\t<div class=\"elementor-element elementor-element-6dc613f elementor-widget elementor-widget-text-editor\" data-id=\"6dc613f\" data-element_type=\"widget\" data-e-type=\"widget\" data-widget_type=\"text-editor.default\">\n\t\t\t\t<div class=\"elementor-widget-container\">\n\t\t\t\t\t\t\t\t\t<p>Are you looking for a new challenge or project?<br \/>Join the .PT team!<br \/>More information <a href=\"https:\/\/carreiras.pt.pt\/wp-content\/uploads\/2025\/10\/anuncioPT_LegalAdvisor_2025.pdf\" target=\"_blank\" rel=\"noopener\"><u>here<\/u><\/a><\/p>\t\t\t\t\t\t\t\t<\/div>\n\t\t\t\t<\/div>\n\t\t\t\t\t<\/div>\n\t\t<\/div>\n\t\t\t\t\t<\/div>\n\t\t<\/section>\n\t\t\t\t\t<\/div>\n\t\t<\/div>\n\t\t\t\t\t<\/div>\n\t\t<\/section>\n\t\t\t\t<\/div>","protected":false},"excerpt":{"rendered":"<p>Candidata-te! Assessor Jur\u00eddico Procuras um novo desafio e\/ou projeto?Junta-te \u00e0 equipa .PT!Mais informa\u00e7\u00e3o aqui<\/p>","protected":false},"author":1,"featured_media":0,"parent":0,"menu_order":0,"comment_status":"closed","ping_status":"closed","template":"","meta":{"site-sidebar-layout":"no-sidebar","site-content-layout":"page-builder","ast-site-content-layout":"default","site-content-style":"default","site-sidebar-style":"default","ast-global-header-display":"","ast-banner-title-visibility":"","ast-main-header-display":"","ast-hfb-above-header-display":"","ast-hfb-below-header-display":"","ast-hfb-mobile-header-display":"","site-post-title":"disabled","ast-breadcrumbs-content":"","ast-featured-img":"disabled","footer-sml-layout":"","ast-disable-related-posts":"","theme-transparent-header-meta":"disabled","adv-header-id-meta":null,"stick-header-meta":null,"header-above-stick-meta":null,"header-main-stick-meta":null,"header-below-stick-meta":null,"astra-migrate-meta-layouts":"default","ast-page-background-enabled":"default","ast-page-background-meta":{"desktop":{"background-color":"var(--ast-global-color-4)","background-image":"","background-repeat":"repeat","background-position":"center center","background-size":"auto","background-attachment":"scroll","background-type":"","background-media":"","overlay-type":"","overlay-color":"","overlay-opacity":"","overlay-gradient":""},"tablet":{"background-color":"","background-image":"","background-repeat":"repeat","background-position":"center center","background-size":"auto","background-attachment":"scroll","background-type":"","background-media":"","overlay-type":"","overlay-color":"","overlay-opacity":"","overlay-gradient":""},"mobile":{"background-color":"","background-image":"","background-repeat":"repeat","background-position":"center center","background-size":"auto","background-attachment":"scroll","background-type":"","background-media":"","overlay-type":"","overlay-color":"","overlay-opacity":"","overlay-gradient":""}},"ast-content-background-meta":{"desktop":{"background-color":"var(--ast-global-color-5)","background-image":"","background-repeat":"repeat","background-position":"center center","background-size":"auto","background-attachment":"scroll","background-type":"","background-media":"","overlay-type":"","overlay-color":"","overlay-opacity":"","overlay-gradient":""},"tablet":{"background-color":"var(--ast-global-color-5)","background-image":"","background-repeat":"repeat","background-position":"center center","background-size":"auto","background-attachment":"scroll","background-type":"","background-media":"","overlay-type":"","overlay-color":"","overlay-opacity":"","overlay-gradient":""},"mobile":{"background-color":"var(--ast-global-color-5)","background-image":"","background-repeat":"repeat","background-position":"center center","background-size":"auto","background-attachment":"scroll","background-type":"","background-media":"","overlay-type":"","overlay-color":"","overlay-opacity":"","overlay-gradient":""}},"footnotes":""},"class_list":["post-1132","page","type-page","status-publish","hentry"],"yoast_head":"<!-- This site is optimized with the Yoast SEO plugin v27.4 - https:\/\/yoast.com\/product\/yoast-seo-wordpress\/ -->\n<title>Candidata-te - Carreiras_PT<\/title>\n<meta name=\"robots\" content=\"index, follow, max-snippet:-1, max-image-preview:large, max-video-preview:-1\" \/>\n<link rel=\"canonical\" href=\"https:\/\/carreiras.pt.pt\/en\/candidata-te\/\" \/>\n<meta property=\"og:locale\" content=\"en_GB\" \/>\n<meta property=\"og:type\" content=\"article\" \/>\n<meta property=\"og:title\" content=\"Candidata-te - Carreiras_PT\" \/>\n<meta property=\"og:description\" content=\"Candidata-te! Assessor Jur\u00eddico Procuras um novo desafio e\/ou projeto?Junta-te \u00e0 equipa .PT!Mais informa\u00e7\u00e3o aqui\" \/>\n<meta property=\"og:url\" content=\"https:\/\/carreiras.pt.pt\/en\/candidata-te\/\" \/>\n<meta property=\"og:site_name\" content=\"Carreiras_PT\" \/>\n<meta property=\"article:modified_time\" content=\"2025-11-13T15:01:45+00:00\" \/>\n<meta property=\"og:image\" content=\"https:\/\/carreiras.pt.pt\/wp-content\/uploads\/2022\/05\/legal_advisor.png\" \/>\n\t<meta property=\"og:image:width\" content=\"400\" \/>\n\t<meta property=\"og:image:height\" content=\"400\" \/>\n\t<meta property=\"og:image:type\" content=\"image\/png\" \/>\n<meta name=\"twitter:card\" content=\"summary_large_image\" \/>\n<meta name=\"twitter:label1\" content=\"Estimated reading time\" \/>\n\t<meta name=\"twitter:data1\" content=\"1 minute\" \/>\n<script type=\"application\/ld+json\" class=\"yoast-schema-graph\">{\"@context\":\"https:\\\/\\\/schema.org\",\"@graph\":[{\"@type\":\"WebPage\",\"@id\":\"https:\\\/\\\/carreiras.pt.pt\\\/candidata-te\\\/\",\"url\":\"https:\\\/\\\/carreiras.pt.pt\\\/candidata-te\\\/\",\"name\":\"Candidata-te - Carreiras_PT\",\"isPartOf\":{\"@id\":\"https:\\\/\\\/carreiras.pt.pt\\\/pt\\\/#website\"},\"primaryImageOfPage\":{\"@id\":\"https:\\\/\\\/carreiras.pt.pt\\\/candidata-te\\\/#primaryimage\"},\"image\":{\"@id\":\"https:\\\/\\\/carreiras.pt.pt\\\/candidata-te\\\/#primaryimage\"},\"thumbnailUrl\":\"https:\\\/\\\/carreiras.pt.pt\\\/wp-content\\\/uploads\\\/2022\\\/05\\\/legal_advisor.png\",\"datePublished\":\"2021-11-17T17:15:29+00:00\",\"dateModified\":\"2025-11-13T15:01:45+00:00\",\"breadcrumb\":{\"@id\":\"https:\\\/\\\/carreiras.pt.pt\\\/candidata-te\\\/#breadcrumb\"},\"inLanguage\":\"en-GB\",\"potentialAction\":[{\"@type\":\"ReadAction\",\"target\":[\"https:\\\/\\\/carreiras.pt.pt\\\/candidata-te\\\/\"]}]},{\"@type\":\"ImageObject\",\"inLanguage\":\"en-GB\",\"@id\":\"https:\\\/\\\/carreiras.pt.pt\\\/candidata-te\\\/#primaryimage\",\"url\":\"https:\\\/\\\/carreiras.pt.pt\\\/wp-content\\\/uploads\\\/2022\\\/05\\\/legal_advisor.png\",\"contentUrl\":\"https:\\\/\\\/carreiras.pt.pt\\\/wp-content\\\/uploads\\\/2022\\\/05\\\/legal_advisor.png\"},{\"@type\":\"BreadcrumbList\",\"@id\":\"https:\\\/\\\/carreiras.pt.pt\\\/candidata-te\\\/#breadcrumb\",\"itemListElement\":[{\"@type\":\"ListItem\",\"position\":1,\"name\":\"In\u00edcio\",\"item\":\"https:\\\/\\\/carreiras.pt.pt\\\/\"},{\"@type\":\"ListItem\",\"position\":2,\"name\":\"Candidata-te\"}]},{\"@type\":\"WebSite\",\"@id\":\"https:\\\/\\\/carreiras.pt.pt\\\/pt\\\/#website\",\"url\":\"https:\\\/\\\/carreiras.pt.pt\\\/pt\\\/\",\"name\":\"Carreiras_PT\",\"description\":\"somos mais .pt\",\"publisher\":{\"@id\":\"https:\\\/\\\/carreiras.pt.pt\\\/pt\\\/#organization\"},\"potentialAction\":[{\"@type\":\"SearchAction\",\"target\":{\"@type\":\"EntryPoint\",\"urlTemplate\":\"https:\\\/\\\/carreiras.pt.pt\\\/pt\\\/?s={search_term_string}\"},\"query-input\":{\"@type\":\"PropertyValueSpecification\",\"valueRequired\":true,\"valueName\":\"search_term_string\"}}],\"inLanguage\":\"en-GB\"},{\"@type\":\"Organization\",\"@id\":\"https:\\\/\\\/carreiras.pt.pt\\\/pt\\\/#organization\",\"name\":\"Carreiras_PT\",\"url\":\"https:\\\/\\\/carreiras.pt.pt\\\/pt\\\/\",\"logo\":{\"@type\":\"ImageObject\",\"inLanguage\":\"en-GB\",\"@id\":\"https:\\\/\\\/carreiras.pt.pt\\\/pt\\\/#\\\/schema\\\/logo\\\/image\\\/\",\"url\":\"\",\"contentUrl\":\"\",\"caption\":\"Carreiras_PT\"},\"image\":{\"@id\":\"https:\\\/\\\/carreiras.pt.pt\\\/pt\\\/#\\\/schema\\\/logo\\\/image\\\/\"}}]}<\/script>\n<!-- \/ Yoast SEO plugin. -->","yoast_head_json":{"title":"Candidata-te - Carreiras_PT","robots":{"index":"index","follow":"follow","max-snippet":"max-snippet:-1","max-image-preview":"max-image-preview:large","max-video-preview":"max-video-preview:-1"},"canonical":"https:\/\/carreiras.pt.pt\/en\/candidata-te\/","og_locale":"en_GB","og_type":"article","og_title":"Candidata-te - Carreiras_PT","og_description":"Candidata-te! Assessor Jur\u00eddico Procuras um novo desafio e\/ou projeto?Junta-te \u00e0 equipa .PT!Mais informa\u00e7\u00e3o aqui","og_url":"https:\/\/carreiras.pt.pt\/en\/candidata-te\/","og_site_name":"Carreiras_PT","article_modified_time":"2025-11-13T15:01:45+00:00","og_image":[{"width":400,"height":400,"url":"https:\/\/carreiras.pt.pt\/wp-content\/uploads\/2022\/05\/legal_advisor.png","type":"image\/png"}],"twitter_card":"summary_large_image","twitter_misc":{"Estimated reading time":"1 minute"},"schema":{"@context":"https:\/\/schema.org","@graph":[{"@type":"WebPage","@id":"https:\/\/carreiras.pt.pt\/candidata-te\/","url":"https:\/\/carreiras.pt.pt\/candidata-te\/","name":"Candidata-te - Carreiras_PT","isPartOf":{"@id":"https:\/\/carreiras.pt.pt\/pt\/#website"},"primaryImageOfPage":{"@id":"https:\/\/carreiras.pt.pt\/candidata-te\/#primaryimage"},"image":{"@id":"https:\/\/carreiras.pt.pt\/candidata-te\/#primaryimage"},"thumbnailUrl":"https:\/\/carreiras.pt.pt\/wp-content\/uploads\/2022\/05\/legal_advisor.png","datePublished":"2021-11-17T17:15:29+00:00","dateModified":"2025-11-13T15:01:45+00:00","breadcrumb":{"@id":"https:\/\/carreiras.pt.pt\/candidata-te\/#breadcrumb"},"inLanguage":"en-GB","potentialAction":[{"@type":"ReadAction","target":["https:\/\/carreiras.pt.pt\/candidata-te\/"]}]},{"@type":"ImageObject","inLanguage":"en-GB","@id":"https:\/\/carreiras.pt.pt\/candidata-te\/#primaryimage","url":"https:\/\/carreiras.pt.pt\/wp-content\/uploads\/2022\/05\/legal_advisor.png","contentUrl":"https:\/\/carreiras.pt.pt\/wp-content\/uploads\/2022\/05\/legal_advisor.png"},{"@type":"BreadcrumbList","@id":"https:\/\/carreiras.pt.pt\/candidata-te\/#breadcrumb","itemListElement":[{"@type":"ListItem","position":1,"name":"In\u00edcio","item":"https:\/\/carreiras.pt.pt\/"},{"@type":"ListItem","position":2,"name":"Candidata-te"}]},{"@type":"WebSite","@id":"https:\/\/carreiras.pt.pt\/pt\/#website","url":"https:\/\/carreiras.pt.pt\/pt\/","name":"Carreiras_PT","description":"somos mais .pt","publisher":{"@id":"https:\/\/carreiras.pt.pt\/pt\/#organization"},"potentialAction":[{"@type":"SearchAction","target":{"@type":"EntryPoint","urlTemplate":"https:\/\/carreiras.pt.pt\/pt\/?s={search_term_string}"},"query-input":{"@type":"PropertyValueSpecification","valueRequired":true,"valueName":"search_term_string"}}],"inLanguage":"en-GB"},{"@type":"Organization","@id":"https:\/\/carreiras.pt.pt\/pt\/#organization","name":"Carreiras_PT","url":"https:\/\/carreiras.pt.pt\/pt\/","logo":{"@type":"ImageObject","inLanguage":"en-GB","@id":"https:\/\/carreiras.pt.pt\/pt\/#\/schema\/logo\/image\/","url":"","contentUrl":"","caption":"Carreiras_PT"},"image":{"@id":"https:\/\/carreiras.pt.pt\/pt\/#\/schema\/logo\/image\/"}}]}},"_links":{"self":[{"href":"https:\/\/carreiras.pt.pt\/en\/wp-json\/wp\/v2\/pages\/1132","targetHints":{"allow":["GET"]}}],"collection":[{"href":"https:\/\/carreiras.pt.pt\/en\/wp-json\/wp\/v2\/pages"}],"about":[{"href":"https:\/\/carreiras.pt.pt\/en\/wp-json\/wp\/v2\/types\/page"}],"author":[{"embeddable":true,"href":"https:\/\/carreiras.pt.pt\/en\/wp-json\/wp\/v2\/users\/1"}],"replies":[{"embeddable":true,"href":"https:\/\/carreiras.pt.pt\/en\/wp-json\/wp\/v2\/comments?post=1132"}],"version-history":[{"count":139,"href":"https:\/\/carreiras.pt.pt\/en\/wp-json\/wp\/v2\/pages\/1132\/revisions"}],"predecessor-version":[{"id":2202,"href":"https:\/\/carreiras.pt.pt\/en\/wp-json\/wp\/v2\/pages\/1132\/revisions\/2202"}],"wp:attachment":[{"href":"https:\/\/carreiras.pt.pt\/en\/wp-json\/wp\/v2\/media?parent=1132"}],"curies":[{"name":"wp","href":"https:\/\/api.w.org\/{rel}","templated":true}]}}